{"id":4,"date":"2018-10-05T20:53:58","date_gmt":"2018-10-05T20:53:58","guid":{"rendered":"http:\/\/box5326.temp.domains\/~cbpavoca\/home\/"},"modified":"2018-11-29T19:48:48","modified_gmt":"2018-11-29T19:48:48","slug":"home","status":"publish","type":"page","link":"https:\/\/www.cbpavocate.com\/ca\/","title":{"rendered":"Accueil"},"content":{"rendered":"<p>CBP Avocate est un cabinet de litige sp\u00e9cialis\u00e9, ax\u00e9 sur la repr\u00e9sentation judiciaire, l\u2019arbitrage ou la r\u00e9solution de litiges en droit immobilier. Notre mission est d\u2019offrir des services juridiques de la plus haute qualit\u00e9 sur une base efficace, en appliquant les solutions \u00e9prouv\u00e9es lorsqu\u2019il y en a, et en innovant lorsqu\u2019il le faut. Votre dossier est important pour vous et c\u2019est pourquoi nous adoptons une approche pragmatique, centr\u00e9e sur les besoins de chaque client, afin de vous donner l\u2019heure juste et vous accompagner de mani\u00e8re efficace vers une solution avantageuse de vos probl\u00e8mes juridiques.<\/p>\n","protected":false},"excerpt":{"rendered":"<p>CBP Avocate est un cabinet de litige sp\u00e9cialis\u00e9, ax\u00e9 sur la repr\u00e9sentation judiciaire, l\u2019arbitrage ou la r\u00e9solution de litiges en droit immobilier. Notre mission est d\u2019offrir des services juridiques de &#8230;<\/p>\n","protected":false},"author":1,"featured_media":35,"parent":0,"menu_order":0,"comment_status":"closed","ping_status":"closed","template":"","meta":{"om_disable_all_campaigns":false,"_monsterinsights_skip_tracking":false,"_monsterinsights_sitenote_active":false,"_monsterinsights_sitenote_note":"","_monsterinsights_sitenote_category":0,"jetpack_post_was_ever_published":false,"footnotes":""},"class_list":["post-4","page","type-page","status-publish","has-post-thumbnail","hentry"],"yoast_head":"<!-- This site is optimized with the Yoast SEO plugin v22.7 - https:\/\/yoast.com\/wordpress\/plugins\/seo\/ -->\n<title>Accueil - cbpavocate.com<\/title>\n<meta name=\"robots\" content=\"index, follow, max-snippet:-1, max-image-preview:large, max-video-preview:-1\" \/>\n<link rel=\"canonical\" href=\"https:\/\/www.cbpavocate.com\/\" \/>\n<meta property=\"og:locale\" content=\"en_US\" \/>\n<meta property=\"og:type\" content=\"article\" \/>\n<meta property=\"og:title\" content=\"Accueil - cbpavocate.com\" \/>\n<meta property=\"og:url\" content=\"https:\/\/www.cbpavocate.com\/\" \/>\n<meta property=\"og:site_name\" content=\"cbpavocate.com\" \/>\n<meta property=\"article:publisher\" content=\"https:\/\/www.facebook.com\/cbpavocate\/\" \/>\n<meta property=\"article:modified_time\" content=\"2018-11-29T19:48:48+00:00\" \/>\n<meta property=\"og:image\" content=\"https:\/\/i2.wp.com\/www.cbpavocate.com\/wp-content\/uploads\/2018\/10\/50_180925-e1540045886195.jpg?fit=3600%2C747&ssl=1\" \/>\n\t<meta property=\"og:image:width\" content=\"3600\" \/>\n\t<meta property=\"og:image:height\" content=\"747\" \/>\n\t<meta property=\"og:image:type\" content=\"image\/jpeg\" \/>\n<meta name=\"twitter:card\" content=\"summary_large_image\" \/>\n<meta name=\"twitter:label1\" content=\"Est. reading time\" \/>\n\t<meta name=\"twitter:data1\" content=\"1 minute\" \/>\n<script type=\"application\/ld+json\" class=\"yoast-schema-graph\">{\"@context\":\"https:\/\/schema.org\",\"@graph\":[{\"@type\":\"WebPage\",\"@id\":\"https:\/\/www.cbpavocate.com\/\",\"url\":\"https:\/\/www.cbpavocate.com\/\",\"name\":\"Accueil - cbpavocate.com\",\"isPartOf\":{\"@id\":\"https:\/\/www.cbpavocate.com\/#website\"},\"primaryImageOfPage\":{\"@id\":\"https:\/\/www.cbpavocate.com\/#primaryimage\"},\"image\":{\"@id\":\"https:\/\/www.cbpavocate.com\/#primaryimage\"},\"thumbnailUrl\":\"https:\/\/i0.wp.com\/www.cbpavocate.com\/wp-content\/uploads\/2018\/10\/50_180925-e1540045886195.jpg?fit=3600%2C747&ssl=1\",\"datePublished\":\"2018-10-05T20:53:58+00:00\",\"dateModified\":\"2018-11-29T19:48:48+00:00\",\"breadcrumb\":{\"@id\":\"https:\/\/www.cbpavocate.com\/#breadcrumb\"},\"inLanguage\":\"en-CA\",\"potentialAction\":[{\"@type\":\"ReadAction\",\"target\":[\"https:\/\/www.cbpavocate.com\/\"]}]},{\"@type\":\"ImageObject\",\"inLanguage\":\"en-CA\",\"@id\":\"https:\/\/www.cbpavocate.com\/#primaryimage\",\"url\":\"https:\/\/i0.wp.com\/www.cbpavocate.com\/wp-content\/uploads\/2018\/10\/50_180925-e1540045886195.jpg?fit=3600%2C747&ssl=1\",\"contentUrl\":\"https:\/\/i0.wp.com\/www.cbpavocate.com\/wp-content\/uploads\/2018\/10\/50_180925-e1540045886195.jpg?fit=3600%2C747&ssl=1\",\"width\":3600,\"height\":747},{\"@type\":\"BreadcrumbList\",\"@id\":\"https:\/\/www.cbpavocate.com\/#breadcrumb\",\"itemListElement\":[{\"@type\":\"ListItem\",\"position\":1,\"name\":\"Home\",\"item\":\"https:\/\/www.cbpavocate.com\/\"},{\"@type\":\"ListItem\",\"position\":2,\"name\":\"Accueil\"}]},{\"@type\":\"WebSite\",\"@id\":\"https:\/\/www.cbpavocate.com\/#website\",\"url\":\"https:\/\/www.cbpavocate.com\/\",\"name\":\"cbpavocate.com\",\"description\":\"Litigation x Real Estate\",\"publisher\":{\"@id\":\"https:\/\/www.cbpavocate.com\/#organization\"},\"potentialAction\":[{\"@type\":\"SearchAction\",\"target\":{\"@type\":\"EntryPoint\",\"urlTemplate\":\"https:\/\/www.cbpavocate.com\/?s={search_term_string}\"},\"query-input\":\"required name=search_term_string\"}],\"inLanguage\":\"en-CA\"},{\"@type\":\"Organization\",\"@id\":\"https:\/\/www.cbpavocate.com\/#organization\",\"name\":\"CBP Avocate\",\"url\":\"https:\/\/www.cbpavocate.com\/\",\"logo\":{\"@type\":\"ImageObject\",\"inLanguage\":\"en-CA\",\"@id\":\"https:\/\/www.cbpavocate.com\/#\/schema\/logo\/image\/\",\"url\":\"https:\/\/i0.wp.com\/www.cbpavocate.com\/wp-content\/uploads\/2018\/10\/CBP-LOGO-SMALL.jpg?fit=150%2C158&ssl=1\",\"contentUrl\":\"https:\/\/i0.wp.com\/www.cbpavocate.com\/wp-content\/uploads\/2018\/10\/CBP-LOGO-SMALL.jpg?fit=150%2C158&ssl=1\",\"width\":150,\"height\":158,\"caption\":\"CBP Avocate\"},\"image\":{\"@id\":\"https:\/\/www.cbpavocate.com\/#\/schema\/logo\/image\/\"},\"sameAs\":[\"https:\/\/www.facebook.com\/cbpavocate\/\",\"https:\/\/www.linkedin.com\/in\/catherine-beaus\u00e9jour-picotte-a5847115\/\"]}]}<\/script>\n<!-- \/ Yoast SEO plugin. -->","yoast_head_json":{"title":"Accueil - cbpavocate.com","robots":{"index":"index","follow":"follow","max-snippet":"max-snippet:-1","max-image-preview":"max-image-preview:large","max-video-preview":"max-video-preview:-1"},"canonical":"https:\/\/www.cbpavocate.com\/","og_locale":"en_US","og_type":"article","og_title":"Accueil - cbpavocate.com","og_url":"https:\/\/www.cbpavocate.com\/","og_site_name":"cbpavocate.com","article_publisher":"https:\/\/www.facebook.com\/cbpavocate\/","article_modified_time":"2018-11-29T19:48:48+00:00","og_image":[{"width":3600,"height":747,"url":"https:\/\/i2.wp.com\/www.cbpavocate.com\/wp-content\/uploads\/2018\/10\/50_180925-e1540045886195.jpg?fit=3600%2C747&ssl=1","type":"image\/jpeg"}],"twitter_card":"summary_large_image","twitter_misc":{"Est. reading time":"1 minute"},"schema":{"@context":"https:\/\/schema.org","@graph":[{"@type":"WebPage","@id":"https:\/\/www.cbpavocate.com\/","url":"https:\/\/www.cbpavocate.com\/","name":"Accueil - cbpavocate.com","isPartOf":{"@id":"https:\/\/www.cbpavocate.com\/#website"},"primaryImageOfPage":{"@id":"https:\/\/www.cbpavocate.com\/#primaryimage"},"image":{"@id":"https:\/\/www.cbpavocate.com\/#primaryimage"},"thumbnailUrl":"https:\/\/i0.wp.com\/www.cbpavocate.com\/wp-content\/uploads\/2018\/10\/50_180925-e1540045886195.jpg?fit=3600%2C747&ssl=1","datePublished":"2018-10-05T20:53:58+00:00","dateModified":"2018-11-29T19:48:48+00:00","breadcrumb":{"@id":"https:\/\/www.cbpavocate.com\/#breadcrumb"},"inLanguage":"en-CA","potentialAction":[{"@type":"ReadAction","target":["https:\/\/www.cbpavocate.com\/"]}]},{"@type":"ImageObject","inLanguage":"en-CA","@id":"https:\/\/www.cbpavocate.com\/#primaryimage","url":"https:\/\/i0.wp.com\/www.cbpavocate.com\/wp-content\/uploads\/2018\/10\/50_180925-e1540045886195.jpg?fit=3600%2C747&ssl=1","contentUrl":"https:\/\/i0.wp.com\/www.cbpavocate.com\/wp-content\/uploads\/2018\/10\/50_180925-e1540045886195.jpg?fit=3600%2C747&ssl=1","width":3600,"height":747},{"@type":"BreadcrumbList","@id":"https:\/\/www.cbpavocate.com\/#breadcrumb","itemListElement":[{"@type":"ListItem","position":1,"name":"Home","item":"https:\/\/www.cbpavocate.com\/"},{"@type":"ListItem","position":2,"name":"Accueil"}]},{"@type":"WebSite","@id":"https:\/\/www.cbpavocate.com\/#website","url":"https:\/\/www.cbpavocate.com\/","name":"cbpavocate.com","description":"Litigation x Real Estate","publisher":{"@id":"https:\/\/www.cbpavocate.com\/#organization"},"potentialAction":[{"@type":"SearchAction","target":{"@type":"EntryPoint","urlTemplate":"https:\/\/www.cbpavocate.com\/?s={search_term_string}"},"query-input":"required name=search_term_string"}],"inLanguage":"en-CA"},{"@type":"Organization","@id":"https:\/\/www.cbpavocate.com\/#organization","name":"CBP Avocate","url":"https:\/\/www.cbpavocate.com\/","logo":{"@type":"ImageObject","inLanguage":"en-CA","@id":"https:\/\/www.cbpavocate.com\/#\/schema\/logo\/image\/","url":"https:\/\/i0.wp.com\/www.cbpavocate.com\/wp-content\/uploads\/2018\/10\/CBP-LOGO-SMALL.jpg?fit=150%2C158&ssl=1","contentUrl":"https:\/\/i0.wp.com\/www.cbpavocate.com\/wp-content\/uploads\/2018\/10\/CBP-LOGO-SMALL.jpg?fit=150%2C158&ssl=1","width":150,"height":158,"caption":"CBP Avocate"},"image":{"@id":"https:\/\/www.cbpavocate.com\/#\/schema\/logo\/image\/"},"sameAs":["https:\/\/www.facebook.com\/cbpavocate\/","https:\/\/www.linkedin.com\/in\/catherine-beaus\u00e9jour-picotte-a5847115\/"]}]}},"jetpack_sharing_enabled":true,"jetpack_shortlink":"https:\/\/wp.me\/PakDT7-4","_links":{"self":[{"href":"https:\/\/www.cbpavocate.com\/ca\/wp-json\/wp\/v2\/pages\/4","targetHints":{"allow":["GET"]}}],"collection":[{"href":"https:\/\/www.cbpavocate.com\/ca\/wp-json\/wp\/v2\/pages"}],"about":[{"href":"https:\/\/www.cbpavocate.com\/ca\/wp-json\/wp\/v2\/types\/page"}],"author":[{"embeddable":true,"href":"https:\/\/www.cbpavocate.com\/ca\/wp-json\/wp\/v2\/users\/1"}],"replies":[{"embeddable":true,"href":"https:\/\/www.cbpavocate.com\/ca\/wp-json\/wp\/v2\/comments?post=4"}],"version-history":[{"count":10,"href":"https:\/\/www.cbpavocate.com\/ca\/wp-json\/wp\/v2\/pages\/4\/revisions"}],"predecessor-version":[{"id":130,"href":"https:\/\/www.cbpavocate.com\/ca\/wp-json\/wp\/v2\/pages\/4\/revisions\/130"}],"wp:featuredmedia":[{"embeddable":true,"href":"https:\/\/www.cbpavocate.com\/ca\/wp-json\/wp\/v2\/media\/35"}],"wp:attachment":[{"href":"https:\/\/www.cbpavocate.com\/ca\/wp-json\/wp\/v2\/media?parent=4"}],"curies":[{"name":"wp","href":"https:\/\/api.w.org\/{rel}","templated":true}]}}